{"id":5242,"date":"2022-08-22T11:09:17","date_gmt":"2022-08-22T14:09:17","guid":{"rendered":"https:\/\/vidaharomas.com.ar\/?post_type=product&#038;p=5242"},"modified":"2025-10-01T09:56:14","modified_gmt":"2025-10-01T12:56:14","slug":"aceite-esencial-incienso-2","status":"publish","type":"product","link":"https:\/\/vidaharomas.com.ar\/index.php\/producto\/aceite-esencial-incienso-2\/","title":{"rendered":"Aceite Esencial Incienso"},"content":{"rendered":"","protected":false},"excerpt":{"rendered":"<div class=\"woocommerce-product-details__short-description\">\n<div class=\"woocommerce-product-details__short-description\">\n<p>Una mezcla de b\u00e1lsamos y resinas que revelan una nota ambar, le\u00f1osa y consistente, que se resumen en estelas dulces de vainilla y frutos secos que representan una b\u00fasqueda sin obst\u00e1culos ni reservas.<\/p>\n<\/div>\n<div class=\"wd-add-btn wd-add-btn-replace woodmart-add-btn\"><\/div>\n<\/div>\n<div class=\"wd-add-btn wd-add-btn-replace woodmart-add-btn\"><\/div>\n","protected":false},"featured_media":5279,"template":"","meta":[],"product_brand":[],"product_cat":[231,438],"product_tag":[],"class_list":{"0":"post-5242","1":"product","2":"type-product","3":"status-publish","4":"has-post-thumbnail","6":"product_cat-ambar","7":"product_cat-aceites-esenciales-ambar","9":"first","10":"instock","11":"shipping-taxable","12":"purchasable","13":"product-type-simple"},"_links":{"self":[{"href":"https:\/\/vidaharomas.com.ar\/index.php\/wp-json\/wp\/v2\/product\/5242","targetHints":{"allow":["GET"]}}],"collection":[{"href":"https:\/\/vidaharomas.com.ar\/index.php\/wp-json\/wp\/v2\/product"}],"about":[{"href":"https:\/\/vidaharomas.com.ar\/index.php\/wp-json\/wp\/v2\/types\/product"}],"version-history":[{"count":1,"href":"https:\/\/vidaharomas.com.ar\/index.php\/wp-json\/wp\/v2\/product\/5242\/revisions"}],"predecessor-version":[{"id":5280,"href":"https:\/\/vidaharomas.com.ar\/index.php\/wp-json\/wp\/v2\/product\/5242\/revisions\/5280"}],"wp:featuredmedia":[{"embeddable":true,"href":"https:\/\/vidaharomas.com.ar\/index.php\/wp-json\/wp\/v2\/media\/5279"}],"wp:attachment":[{"href":"https:\/\/vidaharomas.com.ar\/index.php\/wp-json\/wp\/v2\/media?parent=5242"}],"wp:term":[{"taxonomy":"product_brand","embeddable":true,"href":"https:\/\/vidaharomas.com.ar\/index.php\/wp-json\/wp\/v2\/product_brand?post=5242"},{"taxonomy":"product_cat","embeddable":true,"href":"https:\/\/vidaharomas.com.ar\/index.php\/wp-json\/wp\/v2\/product_cat?post=5242"},{"taxonomy":"product_tag","embeddable":true,"href":"https:\/\/vidaharomas.com.ar\/index.php\/wp-json\/wp\/v2\/product_tag?post=5242"}],"curies":[{"name":"wp","href":"https:\/\/api.w.org\/{rel}","templated":true}]}}