{"id":5237,"date":"2022-08-22T11:09:17","date_gmt":"2022-08-22T14:09:17","guid":{"rendered":"https:\/\/vidaharomas.com.ar\/?post_type=product&#038;p=5237"},"modified":"2025-10-01T09:56:13","modified_gmt":"2025-10-01T12:56:13","slug":"aceite-esencial-miel-y-limon-2","status":"publish","type":"product","link":"https:\/\/vidaharomas.com.ar\/index.php\/producto\/aceite-esencial-miel-y-limon-2\/","title":{"rendered":"Aceite Esencial Miel y Lim\u00f3n"},"content":{"rendered":"","protected":false},"excerpt":{"rendered":"<p>Refinado y dulce acorde arom\u00e1tico c\u00edtrico que en su salida revela el suave lim\u00f3n California envuelto en un tenue acorde fresco con un coraz\u00f3n ligero de vainilla caramelo, dando paso a un fondo floral almizclado alimonado.<\/p>\n","protected":false},"featured_media":5269,"template":"","meta":[],"product_brand":[],"product_cat":[231,438],"product_tag":[],"class_list":{"0":"post-5237","1":"product","2":"type-product","3":"status-publish","4":"has-post-thumbnail","6":"product_cat-ambar","7":"product_cat-aceites-esenciales-ambar","9":"first","10":"instock","11":"shipping-taxable","12":"purchasable","13":"product-type-simple"},"_links":{"self":[{"href":"https:\/\/vidaharomas.com.ar\/index.php\/wp-json\/wp\/v2\/product\/5237","targetHints":{"allow":["GET"]}}],"collection":[{"href":"https:\/\/vidaharomas.com.ar\/index.php\/wp-json\/wp\/v2\/product"}],"about":[{"href":"https:\/\/vidaharomas.com.ar\/index.php\/wp-json\/wp\/v2\/types\/product"}],"version-history":[{"count":1,"href":"https:\/\/vidaharomas.com.ar\/index.php\/wp-json\/wp\/v2\/product\/5237\/revisions"}],"predecessor-version":[{"id":5270,"href":"https:\/\/vidaharomas.com.ar\/index.php\/wp-json\/wp\/v2\/product\/5237\/revisions\/5270"}],"wp:featuredmedia":[{"embeddable":true,"href":"https:\/\/vidaharomas.com.ar\/index.php\/wp-json\/wp\/v2\/media\/5269"}],"wp:attachment":[{"href":"https:\/\/vidaharomas.com.ar\/index.php\/wp-json\/wp\/v2\/media?parent=5237"}],"wp:term":[{"taxonomy":"product_brand","embeddable":true,"href":"https:\/\/vidaharomas.com.ar\/index.php\/wp-json\/wp\/v2\/product_brand?post=5237"},{"taxonomy":"product_cat","embeddable":true,"href":"https:\/\/vidaharomas.com.ar\/index.php\/wp-json\/wp\/v2\/product_cat?post=5237"},{"taxonomy":"product_tag","embeddable":true,"href":"https:\/\/vidaharomas.com.ar\/index.php\/wp-json\/wp\/v2\/product_tag?post=5237"}],"curies":[{"name":"wp","href":"https:\/\/api.w.org\/{rel}","templated":true}]}}