{"id":5233,"date":"2022-08-22T11:09:16","date_gmt":"2022-08-22T14:09:16","guid":{"rendered":"https:\/\/vidaharomas.com.ar\/?post_type=product&#038;p=5233"},"modified":"2025-10-01T09:56:13","modified_gmt":"2025-10-01T12:56:13","slug":"aceite-esencial-lavanda-2","status":"publish","type":"product","link":"https:\/\/vidaharomas.com.ar\/index.php\/producto\/aceite-esencial-lavanda-2\/","title":{"rendered":"Aceite Esencial Lavanda"},"content":{"rendered":"","protected":false},"excerpt":{"rendered":"<p>Cl\u00e1sica fragancia que se abre con notas delicadas de flores de lavanda y sutiles destellos de romero en su cabeza. En su cuerpo se presenta con notas florales de rosa y jazm\u00edn que acompa\u00f1an y suavizan la nota principal de la composici\u00f3n. Su fondo persistente y amaderado se compone de finas maderas de Cedro y Musgo.<\/p>\n","protected":false},"featured_media":5261,"template":"","meta":[],"product_brand":[],"product_cat":[231,438],"product_tag":[],"class_list":{"0":"post-5233","1":"product","2":"type-product","3":"status-publish","4":"has-post-thumbnail","6":"product_cat-ambar","7":"product_cat-aceites-esenciales-ambar","9":"first","10":"instock","11":"shipping-taxable","12":"purchasable","13":"product-type-simple"},"_links":{"self":[{"href":"https:\/\/vidaharomas.com.ar\/index.php\/wp-json\/wp\/v2\/product\/5233","targetHints":{"allow":["GET"]}}],"collection":[{"href":"https:\/\/vidaharomas.com.ar\/index.php\/wp-json\/wp\/v2\/product"}],"about":[{"href":"https:\/\/vidaharomas.com.ar\/index.php\/wp-json\/wp\/v2\/types\/product"}],"version-history":[{"count":1,"href":"https:\/\/vidaharomas.com.ar\/index.php\/wp-json\/wp\/v2\/product\/5233\/revisions"}],"predecessor-version":[{"id":5262,"href":"https:\/\/vidaharomas.com.ar\/index.php\/wp-json\/wp\/v2\/product\/5233\/revisions\/5262"}],"wp:featuredmedia":[{"embeddable":true,"href":"https:\/\/vidaharomas.com.ar\/index.php\/wp-json\/wp\/v2\/media\/5261"}],"wp:attachment":[{"href":"https:\/\/vidaharomas.com.ar\/index.php\/wp-json\/wp\/v2\/media?parent=5233"}],"wp:term":[{"taxonomy":"product_brand","embeddable":true,"href":"https:\/\/vidaharomas.com.ar\/index.php\/wp-json\/wp\/v2\/product_brand?post=5233"},{"taxonomy":"product_cat","embeddable":true,"href":"https:\/\/vidaharomas.com.ar\/index.php\/wp-json\/wp\/v2\/product_cat?post=5233"},{"taxonomy":"product_tag","embeddable":true,"href":"https:\/\/vidaharomas.com.ar\/index.php\/wp-json\/wp\/v2\/product_tag?post=5233"}],"curies":[{"name":"wp","href":"https:\/\/api.w.org\/{rel}","templated":true}]}}