{"id":4281,"date":"2022-05-03T11:58:59","date_gmt":"2022-05-03T14:58:59","guid":{"rendered":"https:\/\/vidaharomas.com.ar\/?post_type=product&#038;p=4281"},"modified":"2025-10-01T09:56:25","modified_gmt":"2025-10-01T12:56:25","slug":"tarjeta-aromatica-lavanda-y-manzanilla-2","status":"publish","type":"product","link":"https:\/\/vidaharomas.com.ar\/index.php\/producto\/tarjeta-aromatica-lavanda-y-manzanilla-2\/","title":{"rendered":"Tarjeta Arom\u00e1tica Lavanda y Manzanilla"},"content":{"rendered":"","protected":false},"excerpt":{"rendered":"<div class=\"container\">\n<div class=\"row main-content-wrap\">\n<div class=\"main-content col-lg-12\">\n<div id=\"primary\" class=\"content-area\"><main id=\"content\" class=\"site-main\" role=\"main\"><\/p>\n<div id=\"product-88440\" class=\"product type-product post-88440 status-publish first instock product_cat-saphirus product_cat-tarjetas-aromaticas product_tag-aromas product_tag-aromatico product_tag-aromatizante product_tag-cajonero product_tag-cajones product_tag-fragancia product_tag-lavanda product_tag-manzanilla product_tag-perchero product_tag-placard product_tag-tarjeta product_tag-valijas product_tag-violeta has-post-thumbnail shipping-taxable purchasable product-type-simple product-layout-default\">\n<div id=\"product-tab\" class=\"woocommerce-tabs woocommerce-tabs-ypnmdthx resp-htabs\">\n<div class=\"resp-tabs-container\">\n<div id=\"tab-description\" class=\"tab-content resp-tab-content resp-tab-content-active\" aria-labelledby=\"tab_item-0\">\n<p>Aroma fresco de lavanda y menta que aportan notas arom\u00e1ticas con car\u00e1cter que se mezclan perfectamente con el coraz\u00f3n de manzanilla y lirio, culminando con un fondo de tabaco y especies.<\/p>\n<\/div>\n<\/div>\n<\/div>\n<\/div>\n<p><\/main><\/div>\n<\/div>\n<\/div>\n<\/div>\n<div class=\"related products\">\n<div class=\"container\"><\/div>\n<\/div>\n","protected":false},"featured_media":4291,"template":"","meta":[],"product_brand":[],"product_cat":[95,404],"product_tag":[],"class_list":{"0":"post-4281","1":"product","2":"type-product","3":"status-publish","4":"has-post-thumbnail","6":"product_cat-saphirus","7":"product_cat-tarjetas-aromaticas","9":"first","10":"instock","11":"shipping-taxable","12":"purchasable","13":"product-type-simple"},"_links":{"self":[{"href":"https:\/\/vidaharomas.com.ar\/index.php\/wp-json\/wp\/v2\/product\/4281","targetHints":{"allow":["GET"]}}],"collection":[{"href":"https:\/\/vidaharomas.com.ar\/index.php\/wp-json\/wp\/v2\/product"}],"about":[{"href":"https:\/\/vidaharomas.com.ar\/index.php\/wp-json\/wp\/v2\/types\/product"}],"version-history":[{"count":1,"href":"https:\/\/vidaharomas.com.ar\/index.php\/wp-json\/wp\/v2\/product\/4281\/revisions"}],"predecessor-version":[{"id":4292,"href":"https:\/\/vidaharomas.com.ar\/index.php\/wp-json\/wp\/v2\/product\/4281\/revisions\/4292"}],"wp:featuredmedia":[{"embeddable":true,"href":"https:\/\/vidaharomas.com.ar\/index.php\/wp-json\/wp\/v2\/media\/4291"}],"wp:attachment":[{"href":"https:\/\/vidaharomas.com.ar\/index.php\/wp-json\/wp\/v2\/media?parent=4281"}],"wp:term":[{"taxonomy":"product_brand","embeddable":true,"href":"https:\/\/vidaharomas.com.ar\/index.php\/wp-json\/wp\/v2\/product_brand?post=4281"},{"taxonomy":"product_cat","embeddable":true,"href":"https:\/\/vidaharomas.com.ar\/index.php\/wp-json\/wp\/v2\/product_cat?post=4281"},{"taxonomy":"product_tag","embeddable":true,"href":"https:\/\/vidaharomas.com.ar\/index.php\/wp-json\/wp\/v2\/product_tag?post=4281"}],"curies":[{"name":"wp","href":"https:\/\/api.w.org\/{rel}","templated":true}]}}