{"id":3727,"date":"2022-02-17T11:58:24","date_gmt":"2022-02-17T14:58:24","guid":{"rendered":"https:\/\/vidaharomas.com.ar\/?post_type=product&#038;p=3727"},"modified":"2025-05-07T12:46:30","modified_gmt":"2025-05-07T15:46:30","slug":"combo-sanitizante","status":"publish","type":"product","link":"https:\/\/vidaharomas.com.ar\/index.php\/producto\/combo-sanitizante\/","title":{"rendered":"Combo Sanitizante"},"content":{"rendered":"","protected":false},"excerpt":{"rendered":"<p>Combo de sanitizantes en sus 3 versiones, contiene: 2 Sanitizantes de 500ml, 4 Sanitizantes de 250 ml. y 6 Sanitizantes de 60 ml.<br \/>\nAprovech\u00e1 la promo y llevalos ahora con un 20% de descuento, promoci\u00f3n v\u00e1lida solo para compra en Tienda Saphirus.<\/p>\n","protected":false},"featured_media":3780,"template":"","meta":[],"product_brand":[],"product_cat":[95,223],"product_tag":[],"class_list":{"0":"post-3727","1":"product","2":"type-product","3":"status-publish","4":"has-post-thumbnail","6":"product_cat-saphirus","7":"product_cat-sanitizantes","9":"first","10":"outofstock","11":"shipping-taxable","12":"purchasable","13":"product-type-simple"},"_links":{"self":[{"href":"https:\/\/vidaharomas.com.ar\/index.php\/wp-json\/wp\/v2\/product\/3727","targetHints":{"allow":["GET"]}}],"collection":[{"href":"https:\/\/vidaharomas.com.ar\/index.php\/wp-json\/wp\/v2\/product"}],"about":[{"href":"https:\/\/vidaharomas.com.ar\/index.php\/wp-json\/wp\/v2\/types\/product"}],"version-history":[{"count":1,"href":"https:\/\/vidaharomas.com.ar\/index.php\/wp-json\/wp\/v2\/product\/3727\/revisions"}],"predecessor-version":[{"id":3782,"href":"https:\/\/vidaharomas.com.ar\/index.php\/wp-json\/wp\/v2\/product\/3727\/revisions\/3782"}],"wp:featuredmedia":[{"embeddable":true,"href":"https:\/\/vidaharomas.com.ar\/index.php\/wp-json\/wp\/v2\/media\/3780"}],"wp:attachment":[{"href":"https:\/\/vidaharomas.com.ar\/index.php\/wp-json\/wp\/v2\/media?parent=3727"}],"wp:term":[{"taxonomy":"product_brand","embeddable":true,"href":"https:\/\/vidaharomas.com.ar\/index.php\/wp-json\/wp\/v2\/product_brand?post=3727"},{"taxonomy":"product_cat","embeddable":true,"href":"https:\/\/vidaharomas.com.ar\/index.php\/wp-json\/wp\/v2\/product_cat?post=3727"},{"taxonomy":"product_tag","embeddable":true,"href":"https:\/\/vidaharomas.com.ar\/index.php\/wp-json\/wp\/v2\/product_tag?post=3727"}],"curies":[{"name":"wp","href":"https:\/\/api.w.org\/{rel}","templated":true}]}}