{"id":3694,"date":"2022-02-17T11:58:01","date_gmt":"2022-02-17T14:58:01","guid":{"rendered":"https:\/\/vidaharomas.com.ar\/?post_type=product&#038;p=3694"},"modified":"2025-10-01T09:56:05","modified_gmt":"2025-10-01T12:56:05","slug":"home-spray-citric-wood","status":"publish","type":"product","link":"https:\/\/vidaharomas.com.ar\/index.php\/producto\/home-spray-citric-wood\/","title":{"rendered":"Home Spray Citric Wood"},"content":{"rendered":"","protected":false},"excerpt":{"rendered":"<p>Compuesto por un mix de c\u00edtricos que, en conjunto con las notas florales y especiadas que componen el coraz\u00f3n de la fragancia; nos conquistan y transportan a un lugar so\u00f1ado.<\/p>\n","protected":false},"featured_media":3758,"template":"","meta":[],"product_brand":[],"product_cat":[95,203],"product_tag":[],"class_list":{"0":"post-3694","1":"product","2":"type-product","3":"status-publish","4":"has-post-thumbnail","6":"product_cat-saphirus","7":"product_cat-home-spray","9":"first","10":"instock","11":"shipping-taxable","12":"purchasable","13":"product-type-simple"},"_links":{"self":[{"href":"https:\/\/vidaharomas.com.ar\/index.php\/wp-json\/wp\/v2\/product\/3694","targetHints":{"allow":["GET"]}}],"collection":[{"href":"https:\/\/vidaharomas.com.ar\/index.php\/wp-json\/wp\/v2\/product"}],"about":[{"href":"https:\/\/vidaharomas.com.ar\/index.php\/wp-json\/wp\/v2\/types\/product"}],"version-history":[{"count":1,"href":"https:\/\/vidaharomas.com.ar\/index.php\/wp-json\/wp\/v2\/product\/3694\/revisions"}],"predecessor-version":[{"id":3759,"href":"https:\/\/vidaharomas.com.ar\/index.php\/wp-json\/wp\/v2\/product\/3694\/revisions\/3759"}],"wp:featuredmedia":[{"embeddable":true,"href":"https:\/\/vidaharomas.com.ar\/index.php\/wp-json\/wp\/v2\/media\/3758"}],"wp:attachment":[{"href":"https:\/\/vidaharomas.com.ar\/index.php\/wp-json\/wp\/v2\/media?parent=3694"}],"wp:term":[{"taxonomy":"product_brand","embeddable":true,"href":"https:\/\/vidaharomas.com.ar\/index.php\/wp-json\/wp\/v2\/product_brand?post=3694"},{"taxonomy":"product_cat","embeddable":true,"href":"https:\/\/vidaharomas.com.ar\/index.php\/wp-json\/wp\/v2\/product_cat?post=3694"},{"taxonomy":"product_tag","embeddable":true,"href":"https:\/\/vidaharomas.com.ar\/index.php\/wp-json\/wp\/v2\/product_tag?post=3694"}],"curies":[{"name":"wp","href":"https:\/\/api.w.org\/{rel}","templated":true}]}}