{"id":3617,"date":"2022-02-17T11:57:17","date_gmt":"2022-02-17T14:57:17","guid":{"rendered":"https:\/\/vidaharomas.com.ar\/?post_type=product&#038;p=3617"},"modified":"2025-10-01T09:56:02","modified_gmt":"2025-10-01T12:56:02","slug":"aerosol-palace","status":"publish","type":"product","link":"https:\/\/vidaharomas.com.ar\/index.php\/producto\/aerosol-palace\/","title":{"rendered":"Aerosol Palace"},"content":{"rendered":"","protected":false},"excerpt":{"rendered":"<p>Fragancia \u00fanica, distinguida e inspirada en un majestuoso palacio porte\u00f1o de la d\u00e9cada del 30, que al olerla transporta a nuestros sentidos a una \u00e9poca dorada de Buenos Aires.<\/p>\n","protected":false},"featured_media":3699,"template":"","meta":[],"product_brand":[],"product_cat":[95,96],"product_tag":[],"class_list":{"0":"post-3617","1":"product","2":"type-product","3":"status-publish","4":"has-post-thumbnail","6":"product_cat-saphirus","7":"product_cat-aerosoles","9":"first","10":"instock","11":"purchasable","12":"product-type-simple"},"_links":{"self":[{"href":"https:\/\/vidaharomas.com.ar\/index.php\/wp-json\/wp\/v2\/product\/3617","targetHints":{"allow":["GET"]}}],"collection":[{"href":"https:\/\/vidaharomas.com.ar\/index.php\/wp-json\/wp\/v2\/product"}],"about":[{"href":"https:\/\/vidaharomas.com.ar\/index.php\/wp-json\/wp\/v2\/types\/product"}],"version-history":[{"count":1,"href":"https:\/\/vidaharomas.com.ar\/index.php\/wp-json\/wp\/v2\/product\/3617\/revisions"}],"predecessor-version":[{"id":3700,"href":"https:\/\/vidaharomas.com.ar\/index.php\/wp-json\/wp\/v2\/product\/3617\/revisions\/3700"}],"wp:featuredmedia":[{"embeddable":true,"href":"https:\/\/vidaharomas.com.ar\/index.php\/wp-json\/wp\/v2\/media\/3699"}],"wp:attachment":[{"href":"https:\/\/vidaharomas.com.ar\/index.php\/wp-json\/wp\/v2\/media?parent=3617"}],"wp:term":[{"taxonomy":"product_brand","embeddable":true,"href":"https:\/\/vidaharomas.com.ar\/index.php\/wp-json\/wp\/v2\/product_brand?post=3617"},{"taxonomy":"product_cat","embeddable":true,"href":"https:\/\/vidaharomas.com.ar\/index.php\/wp-json\/wp\/v2\/product_cat?post=3617"},{"taxonomy":"product_tag","embeddable":true,"href":"https:\/\/vidaharomas.com.ar\/index.php\/wp-json\/wp\/v2\/product_tag?post=3617"}],"curies":[{"name":"wp","href":"https:\/\/api.w.org\/{rel}","templated":true}]}}