{"id":3505,"date":"2022-02-17T11:56:10","date_gmt":"2022-02-17T14:56:10","guid":{"rendered":"https:\/\/vidaharomas.com.ar\/?post_type=product&#038;p=3505"},"modified":"2025-06-16T15:25:36","modified_gmt":"2025-06-16T18:25:36","slug":"sahumerios-frankincense","status":"publish","type":"product","link":"https:\/\/vidaharomas.com.ar\/index.php\/producto\/sahumerios-frankincense\/","title":{"rendered":"Sahumerios Frankincense"},"content":{"rendered":"","protected":false},"excerpt":{"rendered":"<p>Fragancia completa, rica, amaderada y especiada de una nota de fragancia cl\u00e1sica de la regi\u00f3n Dhofar de Om\u00e1n.\u00a0<\/p>\n","protected":false},"featured_media":3568,"template":"","meta":[],"product_brand":[],"product_cat":[95,283],"product_tag":[],"class_list":{"0":"post-3505","1":"product","2":"type-product","3":"status-publish","4":"has-post-thumbnail","6":"product_cat-saphirus","7":"product_cat-sahumerios-saphirus","9":"first","10":"outofstock","11":"purchasable","12":"product-type-simple"},"_links":{"self":[{"href":"https:\/\/vidaharomas.com.ar\/index.php\/wp-json\/wp\/v2\/product\/3505","targetHints":{"allow":["GET"]}}],"collection":[{"href":"https:\/\/vidaharomas.com.ar\/index.php\/wp-json\/wp\/v2\/product"}],"about":[{"href":"https:\/\/vidaharomas.com.ar\/index.php\/wp-json\/wp\/v2\/types\/product"}],"version-history":[{"count":1,"href":"https:\/\/vidaharomas.com.ar\/index.php\/wp-json\/wp\/v2\/product\/3505\/revisions"}],"predecessor-version":[{"id":3569,"href":"https:\/\/vidaharomas.com.ar\/index.php\/wp-json\/wp\/v2\/product\/3505\/revisions\/3569"}],"wp:featuredmedia":[{"embeddable":true,"href":"https:\/\/vidaharomas.com.ar\/index.php\/wp-json\/wp\/v2\/media\/3568"}],"wp:attachment":[{"href":"https:\/\/vidaharomas.com.ar\/index.php\/wp-json\/wp\/v2\/media?parent=3505"}],"wp:term":[{"taxonomy":"product_brand","embeddable":true,"href":"https:\/\/vidaharomas.com.ar\/index.php\/wp-json\/wp\/v2\/product_brand?post=3505"},{"taxonomy":"product_cat","embeddable":true,"href":"https:\/\/vidaharomas.com.ar\/index.php\/wp-json\/wp\/v2\/product_cat?post=3505"},{"taxonomy":"product_tag","embeddable":true,"href":"https:\/\/vidaharomas.com.ar\/index.php\/wp-json\/wp\/v2\/product_tag?post=3505"}],"curies":[{"name":"wp","href":"https:\/\/api.w.org\/{rel}","templated":true}]}}