{"id":3473,"date":"2022-02-17T11:55:48","date_gmt":"2022-02-17T14:55:48","guid":{"rendered":"https:\/\/vidaharomas.com.ar\/?post_type=product&#038;p=3473"},"modified":"2025-10-01T09:55:18","modified_gmt":"2025-10-01T12:55:18","slug":"jabon-liquido-coco","status":"publish","type":"product","link":"https:\/\/vidaharomas.com.ar\/index.php\/producto\/jabon-liquido-coco\/","title":{"rendered":"Jab\u00f3n L\u00edquido Coco"},"content":{"rendered":"","protected":false},"excerpt":{"rendered":"<p>Formulado con materias primas de la m\u00e1s alta calidad y una delicada fragancia, el jab\u00f3n l\u00edquido Milano ayuda a mantener diariamente la hidrataci\u00f3n y suavidad de tu piel.<\/p>\n","protected":false},"featured_media":3551,"template":"","meta":[],"product_brand":[],"product_cat":[271,281],"product_tag":[],"class_list":{"0":"post-3473","1":"product","2":"type-product","3":"status-publish","4":"has-post-thumbnail","6":"product_cat-milano-cosmetics","7":"product_cat-jabon-liquido","9":"first","10":"instock","11":"purchasable","12":"product-type-simple"},"_links":{"self":[{"href":"https:\/\/vidaharomas.com.ar\/index.php\/wp-json\/wp\/v2\/product\/3473","targetHints":{"allow":["GET"]}}],"collection":[{"href":"https:\/\/vidaharomas.com.ar\/index.php\/wp-json\/wp\/v2\/product"}],"about":[{"href":"https:\/\/vidaharomas.com.ar\/index.php\/wp-json\/wp\/v2\/types\/product"}],"version-history":[{"count":1,"href":"https:\/\/vidaharomas.com.ar\/index.php\/wp-json\/wp\/v2\/product\/3473\/revisions"}],"predecessor-version":[{"id":3552,"href":"https:\/\/vidaharomas.com.ar\/index.php\/wp-json\/wp\/v2\/product\/3473\/revisions\/3552"}],"wp:featuredmedia":[{"embeddable":true,"href":"https:\/\/vidaharomas.com.ar\/index.php\/wp-json\/wp\/v2\/media\/3551"}],"wp:attachment":[{"href":"https:\/\/vidaharomas.com.ar\/index.php\/wp-json\/wp\/v2\/media?parent=3473"}],"wp:term":[{"taxonomy":"product_brand","embeddable":true,"href":"https:\/\/vidaharomas.com.ar\/index.php\/wp-json\/wp\/v2\/product_brand?post=3473"},{"taxonomy":"product_cat","embeddable":true,"href":"https:\/\/vidaharomas.com.ar\/index.php\/wp-json\/wp\/v2\/product_cat?post=3473"},{"taxonomy":"product_tag","embeddable":true,"href":"https:\/\/vidaharomas.com.ar\/index.php\/wp-json\/wp\/v2\/product_tag?post=3473"}],"curies":[{"name":"wp","href":"https:\/\/api.w.org\/{rel}","templated":true}]}}