{"id":3326,"date":"2022-02-17T11:54:18","date_gmt":"2022-02-17T14:54:18","guid":{"rendered":"https:\/\/vidaharomas.com.ar\/?post_type=product&#038;p=3326"},"modified":"2025-10-01T09:55:23","modified_gmt":"2025-10-01T12:55:23","slug":"aerosol-ambar-mery","status":"publish","type":"product","link":"https:\/\/vidaharomas.com.ar\/index.php\/producto\/aerosol-ambar-mery\/","title":{"rendered":"Aerosol Ambar  Mery"},"content":{"rendered":"","protected":false},"excerpt":{"rendered":"<p>Floral c\u00edtrica, radiante, con un coraz\u00f3n floreciente de jazm\u00edn y notas verdes, un fondo c\u00e1lido de tonalidades ambarinas y almizcladas.<\/p>\n","protected":false},"featured_media":3409,"template":"","meta":[],"product_brand":[],"product_cat":[231,232],"product_tag":[],"class_list":{"0":"post-3326","1":"product","2":"type-product","3":"status-publish","4":"has-post-thumbnail","6":"product_cat-ambar","7":"product_cat-aerosoles-ambar","9":"first","10":"instock","11":"purchasable","12":"product-type-simple"},"_links":{"self":[{"href":"https:\/\/vidaharomas.com.ar\/index.php\/wp-json\/wp\/v2\/product\/3326","targetHints":{"allow":["GET"]}}],"collection":[{"href":"https:\/\/vidaharomas.com.ar\/index.php\/wp-json\/wp\/v2\/product"}],"about":[{"href":"https:\/\/vidaharomas.com.ar\/index.php\/wp-json\/wp\/v2\/types\/product"}],"version-history":[{"count":1,"href":"https:\/\/vidaharomas.com.ar\/index.php\/wp-json\/wp\/v2\/product\/3326\/revisions"}],"predecessor-version":[{"id":3410,"href":"https:\/\/vidaharomas.com.ar\/index.php\/wp-json\/wp\/v2\/product\/3326\/revisions\/3410"}],"wp:featuredmedia":[{"embeddable":true,"href":"https:\/\/vidaharomas.com.ar\/index.php\/wp-json\/wp\/v2\/media\/3409"}],"wp:attachment":[{"href":"https:\/\/vidaharomas.com.ar\/index.php\/wp-json\/wp\/v2\/media?parent=3326"}],"wp:term":[{"taxonomy":"product_brand","embeddable":true,"href":"https:\/\/vidaharomas.com.ar\/index.php\/wp-json\/wp\/v2\/product_brand?post=3326"},{"taxonomy":"product_cat","embeddable":true,"href":"https:\/\/vidaharomas.com.ar\/index.php\/wp-json\/wp\/v2\/product_cat?post=3326"},{"taxonomy":"product_tag","embeddable":true,"href":"https:\/\/vidaharomas.com.ar\/index.php\/wp-json\/wp\/v2\/product_tag?post=3326"}],"curies":[{"name":"wp","href":"https:\/\/api.w.org\/{rel}","templated":true}]}}