{"id":3324,"date":"2022-02-17T11:54:18","date_gmt":"2022-02-17T14:54:18","guid":{"rendered":"https:\/\/vidaharomas.com.ar\/?post_type=product&#038;p=3324"},"modified":"2025-10-01T09:55:23","modified_gmt":"2025-10-01T12:55:23","slug":"aerosol-ambar-lola","status":"publish","type":"product","link":"https:\/\/vidaharomas.com.ar\/index.php\/producto\/aerosol-ambar-lola\/","title":{"rendered":"Aerosol Ambar  Lola"},"content":{"rendered":"","protected":false},"excerpt":{"rendered":"<p>Salida fresca acu\u00e1tica y agreste que anuncian un coraz\u00f3n de loto acu\u00e1tico, algunas notas florales, helecho acu\u00e1tico y un fondo de madera.<\/p>\n","protected":false},"featured_media":3393,"template":"","meta":[],"product_brand":[],"product_cat":[231,232],"product_tag":[],"class_list":{"0":"post-3324","1":"product","2":"type-product","3":"status-publish","4":"has-post-thumbnail","6":"product_cat-ambar","7":"product_cat-aerosoles-ambar","9":"first","10":"instock","11":"purchasable","12":"product-type-simple"},"_links":{"self":[{"href":"https:\/\/vidaharomas.com.ar\/index.php\/wp-json\/wp\/v2\/product\/3324","targetHints":{"allow":["GET"]}}],"collection":[{"href":"https:\/\/vidaharomas.com.ar\/index.php\/wp-json\/wp\/v2\/product"}],"about":[{"href":"https:\/\/vidaharomas.com.ar\/index.php\/wp-json\/wp\/v2\/types\/product"}],"version-history":[{"count":1,"href":"https:\/\/vidaharomas.com.ar\/index.php\/wp-json\/wp\/v2\/product\/3324\/revisions"}],"predecessor-version":[{"id":3394,"href":"https:\/\/vidaharomas.com.ar\/index.php\/wp-json\/wp\/v2\/product\/3324\/revisions\/3394"}],"wp:featuredmedia":[{"embeddable":true,"href":"https:\/\/vidaharomas.com.ar\/index.php\/wp-json\/wp\/v2\/media\/3393"}],"wp:attachment":[{"href":"https:\/\/vidaharomas.com.ar\/index.php\/wp-json\/wp\/v2\/media?parent=3324"}],"wp:term":[{"taxonomy":"product_brand","embeddable":true,"href":"https:\/\/vidaharomas.com.ar\/index.php\/wp-json\/wp\/v2\/product_brand?post=3324"},{"taxonomy":"product_cat","embeddable":true,"href":"https:\/\/vidaharomas.com.ar\/index.php\/wp-json\/wp\/v2\/product_cat?post=3324"},{"taxonomy":"product_tag","embeddable":true,"href":"https:\/\/vidaharomas.com.ar\/index.php\/wp-json\/wp\/v2\/product_tag?post=3324"}],"curies":[{"name":"wp","href":"https:\/\/api.w.org\/{rel}","templated":true}]}}