{"id":3252,"date":"2022-02-17T11:53:29","date_gmt":"2022-02-17T14:53:29","guid":{"rendered":"https:\/\/vidaharomas.com.ar\/?post_type=product&#038;p=3252"},"modified":"2025-10-01T09:55:26","modified_gmt":"2025-10-01T12:55:26","slug":"route-66-marino","status":"publish","type":"product","link":"https:\/\/vidaharomas.com.ar\/index.php\/producto\/route-66-marino\/","title":{"rendered":"Route 66 Marino"},"content":{"rendered":"<p>Conservar a temperatura ambiente \u2022 Evitar la exposici\u00f3n a altas temperaturas ya que podr\u00eda deformar el producto \u2022 En caso de uso en autom\u00f3viles que deban quedar expuestos a altas temperaturas por tiempo prolongado sugerimos reubicar el producto fuera de la exposici\u00f3n directa al sol.<\/p>\n","protected":false},"excerpt":{"rendered":"<p>Fresca combinaci\u00f3n de notas c\u00edtricas herbales y marinas donde se destaca la frescura de las flores de azahar, las hierbas reci\u00e9n cortadas y la frescura de las olas del mar. Contenido: 2 unidades.<\/p>\n","protected":false},"featured_media":3335,"template":"","meta":[],"product_brand":[],"product_cat":[95,227],"product_tag":[],"class_list":{"0":"post-3252","1":"product","2":"type-product","3":"status-publish","4":"has-post-thumbnail","6":"product_cat-saphirus","7":"product_cat-route-66","9":"first","10":"instock","11":"purchasable","12":"product-type-simple"},"_links":{"self":[{"href":"https:\/\/vidaharomas.com.ar\/index.php\/wp-json\/wp\/v2\/product\/3252","targetHints":{"allow":["GET"]}}],"collection":[{"href":"https:\/\/vidaharomas.com.ar\/index.php\/wp-json\/wp\/v2\/product"}],"about":[{"href":"https:\/\/vidaharomas.com.ar\/index.php\/wp-json\/wp\/v2\/types\/product"}],"version-history":[{"count":1,"href":"https:\/\/vidaharomas.com.ar\/index.php\/wp-json\/wp\/v2\/product\/3252\/revisions"}],"predecessor-version":[{"id":3336,"href":"https:\/\/vidaharomas.com.ar\/index.php\/wp-json\/wp\/v2\/product\/3252\/revisions\/3336"}],"wp:featuredmedia":[{"embeddable":true,"href":"https:\/\/vidaharomas.com.ar\/index.php\/wp-json\/wp\/v2\/media\/3335"}],"wp:attachment":[{"href":"https:\/\/vidaharomas.com.ar\/index.php\/wp-json\/wp\/v2\/media?parent=3252"}],"wp:term":[{"taxonomy":"product_brand","embeddable":true,"href":"https:\/\/vidaharomas.com.ar\/index.php\/wp-json\/wp\/v2\/product_brand?post=3252"},{"taxonomy":"product_cat","embeddable":true,"href":"https:\/\/vidaharomas.com.ar\/index.php\/wp-json\/wp\/v2\/product_cat?post=3252"},{"taxonomy":"product_tag","embeddable":true,"href":"https:\/\/vidaharomas.com.ar\/index.php\/wp-json\/wp\/v2\/product_tag?post=3252"}],"curies":[{"name":"wp","href":"https:\/\/api.w.org\/{rel}","templated":true}]}}