{"id":3246,"date":"2022-02-17T11:53:28","date_gmt":"2022-02-17T14:53:28","guid":{"rendered":"https:\/\/vidaharomas.com.ar\/?post_type=product&#038;p=3246"},"modified":"2025-10-01T09:56:03","modified_gmt":"2025-10-01T12:56:03","slug":"caritas-lima-limon","status":"publish","type":"product","link":"https:\/\/vidaharomas.com.ar\/index.php\/producto\/caritas-lima-limon\/","title":{"rendered":"Caritas Lima Lim\u00f3n"},"content":{"rendered":"<p>Conservar a temperatura ambiente \u2022 Evitar la exposici\u00f3n a altas temperaturas ya que podr\u00eda deformar el producto \u2022 En caso de uso en autom\u00f3viles que deban quedar expuestos a altas temperaturas por tiempo prolongado sugerimos reubicar el producto fuera de la exposici\u00f3n directa al sol.<\/p>\n","protected":false},"excerpt":{"rendered":"<p>Explosivo mix c\u00edtrico fresco, con una salida de cascara de naranja y lim\u00f3n verde apoyado en un coraz\u00f3n floral a base de jazm\u00edn. El fondo almizclado ayuda a resaltar las notas frescas del perfume. Contenido: 4 unidades.<\/p>\n","protected":false},"featured_media":3678,"template":"","meta":[],"product_brand":[],"product_cat":[95,330],"product_tag":[],"class_list":{"0":"post-3246","1":"product","2":"type-product","3":"status-publish","4":"has-post-thumbnail","6":"product_cat-saphirus","7":"product_cat-caritas","9":"first","10":"instock","11":"purchasable","12":"product-type-simple"},"_links":{"self":[{"href":"https:\/\/vidaharomas.com.ar\/index.php\/wp-json\/wp\/v2\/product\/3246","targetHints":{"allow":["GET"]}}],"collection":[{"href":"https:\/\/vidaharomas.com.ar\/index.php\/wp-json\/wp\/v2\/product"}],"about":[{"href":"https:\/\/vidaharomas.com.ar\/index.php\/wp-json\/wp\/v2\/types\/product"}],"version-history":[{"count":1,"href":"https:\/\/vidaharomas.com.ar\/index.php\/wp-json\/wp\/v2\/product\/3246\/revisions"}],"predecessor-version":[{"id":3679,"href":"https:\/\/vidaharomas.com.ar\/index.php\/wp-json\/wp\/v2\/product\/3246\/revisions\/3679"}],"wp:featuredmedia":[{"embeddable":true,"href":"https:\/\/vidaharomas.com.ar\/index.php\/wp-json\/wp\/v2\/media\/3678"}],"wp:attachment":[{"href":"https:\/\/vidaharomas.com.ar\/index.php\/wp-json\/wp\/v2\/media?parent=3246"}],"wp:term":[{"taxonomy":"product_brand","embeddable":true,"href":"https:\/\/vidaharomas.com.ar\/index.php\/wp-json\/wp\/v2\/product_brand?post=3246"},{"taxonomy":"product_cat","embeddable":true,"href":"https:\/\/vidaharomas.com.ar\/index.php\/wp-json\/wp\/v2\/product_cat?post=3246"},{"taxonomy":"product_tag","embeddable":true,"href":"https:\/\/vidaharomas.com.ar\/index.php\/wp-json\/wp\/v2\/product_tag?post=3246"}],"curies":[{"name":"wp","href":"https:\/\/api.w.org\/{rel}","templated":true}]}}