{"id":3209,"date":"2022-02-17T11:53:04","date_gmt":"2022-02-17T14:53:04","guid":{"rendered":"https:\/\/vidaharomas.com.ar\/?post_type=product&#038;p=3209"},"modified":"2025-10-01T09:56:46","modified_gmt":"2025-10-01T12:56:46","slug":"alcohol-sanitizante-500-ml","status":"publish","type":"product","link":"https:\/\/vidaharomas.com.ar\/index.php\/producto\/alcohol-sanitizante-500-ml\/","title":{"rendered":"Alcohol Sanitizante 500 Ml"},"content":{"rendered":"","protected":false},"excerpt":{"rendered":"<p>Para manos y piel<\/p>\n<p>Reduce y evita la propagaci\u00f3n de microorganismos y al mismo tiempo deja las manos suaves. Es de f\u00e1cil uso y de secado r\u00e1pido.<br \/>\nLas formulaciones a base de alcohol et\u00edlico al 70 % hacen que tenga un alto poder germicida. Esta recomendado por Asociaciones Internacionales para combatir el COVID19.<\/p>\n<p>Presentaciones disponibles: 60ml, 250ml y 500ml<\/p>\n","protected":false},"featured_media":3278,"template":"","meta":[],"product_brand":[],"product_cat":[95,223],"product_tag":[],"class_list":{"0":"post-3209","1":"product","2":"type-product","3":"status-publish","4":"has-post-thumbnail","6":"product_cat-saphirus","7":"product_cat-sanitizantes","9":"first","10":"outofstock","11":"purchasable","12":"product-type-simple"},"_links":{"self":[{"href":"https:\/\/vidaharomas.com.ar\/index.php\/wp-json\/wp\/v2\/product\/3209","targetHints":{"allow":["GET"]}}],"collection":[{"href":"https:\/\/vidaharomas.com.ar\/index.php\/wp-json\/wp\/v2\/product"}],"about":[{"href":"https:\/\/vidaharomas.com.ar\/index.php\/wp-json\/wp\/v2\/types\/product"}],"version-history":[{"count":1,"href":"https:\/\/vidaharomas.com.ar\/index.php\/wp-json\/wp\/v2\/product\/3209\/revisions"}],"predecessor-version":[{"id":3279,"href":"https:\/\/vidaharomas.com.ar\/index.php\/wp-json\/wp\/v2\/product\/3209\/revisions\/3279"}],"wp:featuredmedia":[{"embeddable":true,"href":"https:\/\/vidaharomas.com.ar\/index.php\/wp-json\/wp\/v2\/media\/3278"}],"wp:attachment":[{"href":"https:\/\/vidaharomas.com.ar\/index.php\/wp-json\/wp\/v2\/media?parent=3209"}],"wp:term":[{"taxonomy":"product_brand","embeddable":true,"href":"https:\/\/vidaharomas.com.ar\/index.php\/wp-json\/wp\/v2\/product_brand?post=3209"},{"taxonomy":"product_cat","embeddable":true,"href":"https:\/\/vidaharomas.com.ar\/index.php\/wp-json\/wp\/v2\/product_cat?post=3209"},{"taxonomy":"product_tag","embeddable":true,"href":"https:\/\/vidaharomas.com.ar\/index.php\/wp-json\/wp\/v2\/product_tag?post=3209"}],"curies":[{"name":"wp","href":"https:\/\/api.w.org\/{rel}","templated":true}]}}