{"id":3174,"date":"2022-02-17T11:52:39","date_gmt":"2022-02-17T14:52:39","guid":{"rendered":"https:\/\/vidaharomas.com.ar\/?post_type=product&#038;p=3174"},"modified":"2025-10-01T09:55:32","modified_gmt":"2025-10-01T12:55:32","slug":"aromatizador-mini-mery","status":"publish","type":"product","link":"https:\/\/vidaharomas.com.ar\/index.php\/producto\/aromatizador-mini-mery\/","title":{"rendered":"Aromatizador Mini Mery"},"content":{"rendered":"","protected":false},"excerpt":{"rendered":"<p>Floral c\u00edtrica, radiante, con un coraz\u00f3n floreciente de jazm\u00edn y notas verdes, un fondo c\u00e1lido de tonalidades ambarinas y almizcladas.<\/p>\n","protected":false},"featured_media":3234,"template":"","meta":[],"product_brand":[],"product_cat":[95,204],"product_tag":[],"class_list":{"0":"post-3174","1":"product","2":"type-product","3":"status-publish","4":"has-post-thumbnail","6":"product_cat-saphirus","7":"product_cat-mini","9":"first","10":"instock","11":"purchasable","12":"product-type-simple"},"_links":{"self":[{"href":"https:\/\/vidaharomas.com.ar\/index.php\/wp-json\/wp\/v2\/product\/3174","targetHints":{"allow":["GET"]}}],"collection":[{"href":"https:\/\/vidaharomas.com.ar\/index.php\/wp-json\/wp\/v2\/product"}],"about":[{"href":"https:\/\/vidaharomas.com.ar\/index.php\/wp-json\/wp\/v2\/types\/product"}],"version-history":[{"count":1,"href":"https:\/\/vidaharomas.com.ar\/index.php\/wp-json\/wp\/v2\/product\/3174\/revisions"}],"predecessor-version":[{"id":3235,"href":"https:\/\/vidaharomas.com.ar\/index.php\/wp-json\/wp\/v2\/product\/3174\/revisions\/3235"}],"wp:featuredmedia":[{"embeddable":true,"href":"https:\/\/vidaharomas.com.ar\/index.php\/wp-json\/wp\/v2\/media\/3234"}],"wp:attachment":[{"href":"https:\/\/vidaharomas.com.ar\/index.php\/wp-json\/wp\/v2\/media?parent=3174"}],"wp:term":[{"taxonomy":"product_brand","embeddable":true,"href":"https:\/\/vidaharomas.com.ar\/index.php\/wp-json\/wp\/v2\/product_brand?post=3174"},{"taxonomy":"product_cat","embeddable":true,"href":"https:\/\/vidaharomas.com.ar\/index.php\/wp-json\/wp\/v2\/product_cat?post=3174"},{"taxonomy":"product_tag","embeddable":true,"href":"https:\/\/vidaharomas.com.ar\/index.php\/wp-json\/wp\/v2\/product_tag?post=3174"}],"curies":[{"name":"wp","href":"https:\/\/api.w.org\/{rel}","templated":true}]}}