{"id":3112,"date":"2022-02-17T11:51:55","date_gmt":"2022-02-17T14:51:55","guid":{"rendered":"https:\/\/vidaharomas.com.ar\/?post_type=product&#038;p=3112"},"modified":"2025-10-01T09:55:35","modified_gmt":"2025-10-01T12:55:35","slug":"aromatizador-mini-bebe","status":"publish","type":"product","link":"https:\/\/vidaharomas.com.ar\/index.php\/producto\/aromatizador-mini-bebe\/","title":{"rendered":"Aromatizador Mini Beb\u00e9"},"content":{"rendered":"","protected":false},"excerpt":{"rendered":"<p>Tierna fragancia c\u00edtrica floral. La nota de salida est\u00e1 caracterizada por la combinaci\u00f3n del azahar dulce, c\u00e1scara de lim\u00f3n y bergamota.<\/p>\n","protected":false},"featured_media":3194,"template":"","meta":[],"product_brand":[],"product_cat":[95,204],"product_tag":[],"class_list":{"0":"post-3112","1":"product","2":"type-product","3":"status-publish","4":"has-post-thumbnail","6":"product_cat-saphirus","7":"product_cat-mini","9":"first","10":"instock","11":"purchasable","12":"product-type-simple"},"_links":{"self":[{"href":"https:\/\/vidaharomas.com.ar\/index.php\/wp-json\/wp\/v2\/product\/3112","targetHints":{"allow":["GET"]}}],"collection":[{"href":"https:\/\/vidaharomas.com.ar\/index.php\/wp-json\/wp\/v2\/product"}],"about":[{"href":"https:\/\/vidaharomas.com.ar\/index.php\/wp-json\/wp\/v2\/types\/product"}],"version-history":[{"count":1,"href":"https:\/\/vidaharomas.com.ar\/index.php\/wp-json\/wp\/v2\/product\/3112\/revisions"}],"predecessor-version":[{"id":3195,"href":"https:\/\/vidaharomas.com.ar\/index.php\/wp-json\/wp\/v2\/product\/3112\/revisions\/3195"}],"wp:featuredmedia":[{"embeddable":true,"href":"https:\/\/vidaharomas.com.ar\/index.php\/wp-json\/wp\/v2\/media\/3194"}],"wp:attachment":[{"href":"https:\/\/vidaharomas.com.ar\/index.php\/wp-json\/wp\/v2\/media?parent=3112"}],"wp:term":[{"taxonomy":"product_brand","embeddable":true,"href":"https:\/\/vidaharomas.com.ar\/index.php\/wp-json\/wp\/v2\/product_brand?post=3112"},{"taxonomy":"product_cat","embeddable":true,"href":"https:\/\/vidaharomas.com.ar\/index.php\/wp-json\/wp\/v2\/product_cat?post=3112"},{"taxonomy":"product_tag","embeddable":true,"href":"https:\/\/vidaharomas.com.ar\/index.php\/wp-json\/wp\/v2\/product_tag?post=3112"}],"curies":[{"name":"wp","href":"https:\/\/api.w.org\/{rel}","templated":true}]}}