{"id":3103,"date":"2022-02-17T11:51:55","date_gmt":"2022-02-17T14:51:55","guid":{"rendered":"https:\/\/vidaharomas.com.ar\/?post_type=product&#038;p=3103"},"modified":"2025-10-01T09:55:35","modified_gmt":"2025-10-01T12:55:35","slug":"aceite-esencial-sandalo","status":"publish","type":"product","link":"https:\/\/vidaharomas.com.ar\/index.php\/producto\/aceite-esencial-sandalo\/","title":{"rendered":"Aceite Esencial S\u00e1ndalo"},"content":{"rendered":"","protected":false},"excerpt":{"rendered":"<p>Mix de maderas con predominio en su salida de S\u00e1ndalo Hindu. En su cuerpo predomina la vainilla oriental y notas de musk que aportan su car\u00e1cter ex\u00f3tico y perdurable.<\/p>\n","protected":false},"featured_media":3164,"template":"","meta":[],"product_brand":[],"product_cat":[95,200],"product_tag":[],"class_list":{"0":"post-3103","1":"product","2":"type-product","3":"status-publish","4":"has-post-thumbnail","6":"product_cat-saphirus","7":"product_cat-aceites","9":"first","10":"instock","11":"purchasable","12":"product-type-simple"},"_links":{"self":[{"href":"https:\/\/vidaharomas.com.ar\/index.php\/wp-json\/wp\/v2\/product\/3103","targetHints":{"allow":["GET"]}}],"collection":[{"href":"https:\/\/vidaharomas.com.ar\/index.php\/wp-json\/wp\/v2\/product"}],"about":[{"href":"https:\/\/vidaharomas.com.ar\/index.php\/wp-json\/wp\/v2\/types\/product"}],"version-history":[{"count":1,"href":"https:\/\/vidaharomas.com.ar\/index.php\/wp-json\/wp\/v2\/product\/3103\/revisions"}],"predecessor-version":[{"id":3165,"href":"https:\/\/vidaharomas.com.ar\/index.php\/wp-json\/wp\/v2\/product\/3103\/revisions\/3165"}],"wp:featuredmedia":[{"embeddable":true,"href":"https:\/\/vidaharomas.com.ar\/index.php\/wp-json\/wp\/v2\/media\/3164"}],"wp:attachment":[{"href":"https:\/\/vidaharomas.com.ar\/index.php\/wp-json\/wp\/v2\/media?parent=3103"}],"wp:term":[{"taxonomy":"product_brand","embeddable":true,"href":"https:\/\/vidaharomas.com.ar\/index.php\/wp-json\/wp\/v2\/product_brand?post=3103"},{"taxonomy":"product_cat","embeddable":true,"href":"https:\/\/vidaharomas.com.ar\/index.php\/wp-json\/wp\/v2\/product_cat?post=3103"},{"taxonomy":"product_tag","embeddable":true,"href":"https:\/\/vidaharomas.com.ar\/index.php\/wp-json\/wp\/v2\/product_tag?post=3103"}],"curies":[{"name":"wp","href":"https:\/\/api.w.org\/{rel}","templated":true}]}}