{"id":3079,"date":"2022-02-17T11:51:31","date_gmt":"2022-02-17T14:51:31","guid":{"rendered":"https:\/\/vidaharomas.com.ar\/?post_type=product&#038;p=3079"},"modified":"2025-10-01T09:55:35","modified_gmt":"2025-10-01T12:55:35","slug":"aceite-esencial-mirra","status":"publish","type":"product","link":"https:\/\/vidaharomas.com.ar\/index.php\/producto\/aceite-esencial-mirra\/","title":{"rendered":"Aceite Esencial Mirra"},"content":{"rendered":"","protected":false},"excerpt":{"rendered":"<p>Fragancia que revela notas de patchouly, s\u00e1ndalo y maderas. El coraz\u00f3n dulce y amaderado caracter\u00edstico del cedro se expande en un humo voluptuoso.<\/p>\n","protected":false},"featured_media":3160,"template":"","meta":[],"product_brand":[],"product_cat":[95,200],"product_tag":[],"class_list":{"0":"post-3079","1":"product","2":"type-product","3":"status-publish","4":"has-post-thumbnail","6":"product_cat-saphirus","7":"product_cat-aceites","9":"first","10":"instock","11":"purchasable","12":"product-type-simple"},"_links":{"self":[{"href":"https:\/\/vidaharomas.com.ar\/index.php\/wp-json\/wp\/v2\/product\/3079","targetHints":{"allow":["GET"]}}],"collection":[{"href":"https:\/\/vidaharomas.com.ar\/index.php\/wp-json\/wp\/v2\/product"}],"about":[{"href":"https:\/\/vidaharomas.com.ar\/index.php\/wp-json\/wp\/v2\/types\/product"}],"version-history":[{"count":1,"href":"https:\/\/vidaharomas.com.ar\/index.php\/wp-json\/wp\/v2\/product\/3079\/revisions"}],"predecessor-version":[{"id":3161,"href":"https:\/\/vidaharomas.com.ar\/index.php\/wp-json\/wp\/v2\/product\/3079\/revisions\/3161"}],"wp:featuredmedia":[{"embeddable":true,"href":"https:\/\/vidaharomas.com.ar\/index.php\/wp-json\/wp\/v2\/media\/3160"}],"wp:attachment":[{"href":"https:\/\/vidaharomas.com.ar\/index.php\/wp-json\/wp\/v2\/media?parent=3079"}],"wp:term":[{"taxonomy":"product_brand","embeddable":true,"href":"https:\/\/vidaharomas.com.ar\/index.php\/wp-json\/wp\/v2\/product_brand?post=3079"},{"taxonomy":"product_cat","embeddable":true,"href":"https:\/\/vidaharomas.com.ar\/index.php\/wp-json\/wp\/v2\/product_cat?post=3079"},{"taxonomy":"product_tag","embeddable":true,"href":"https:\/\/vidaharomas.com.ar\/index.php\/wp-json\/wp\/v2\/product_tag?post=3079"}],"curies":[{"name":"wp","href":"https:\/\/api.w.org\/{rel}","templated":true}]}}