{"id":3077,"date":"2022-02-17T11:51:31","date_gmt":"2022-02-17T14:51:31","guid":{"rendered":"https:\/\/vidaharomas.com.ar\/?post_type=product&#038;p=3077"},"modified":"2025-10-01T09:55:36","modified_gmt":"2025-10-01T12:55:36","slug":"aceite-esencial-eucaliptus","status":"publish","type":"product","link":"https:\/\/vidaharomas.com.ar\/index.php\/producto\/aceite-esencial-eucaliptus\/","title":{"rendered":"Aceite Esencial Eucaliptus"},"content":{"rendered":"","protected":false},"excerpt":{"rendered":"<p>Posee un aroma inequ\u00edvoco y personal.<br \/>\nAyuda a prepararse para los cambios bruscos de estaci\u00f3n y a estar preparados energ\u00e9ticamente para un sinf\u00edn de dolencias.<\/p>\n","protected":false},"featured_media":3156,"template":"","meta":[],"product_brand":[],"product_cat":[95,200],"product_tag":[],"class_list":{"0":"post-3077","1":"product","2":"type-product","3":"status-publish","4":"has-post-thumbnail","6":"product_cat-saphirus","7":"product_cat-aceites","9":"first","10":"instock","11":"purchasable","12":"product-type-simple"},"_links":{"self":[{"href":"https:\/\/vidaharomas.com.ar\/index.php\/wp-json\/wp\/v2\/product\/3077","targetHints":{"allow":["GET"]}}],"collection":[{"href":"https:\/\/vidaharomas.com.ar\/index.php\/wp-json\/wp\/v2\/product"}],"about":[{"href":"https:\/\/vidaharomas.com.ar\/index.php\/wp-json\/wp\/v2\/types\/product"}],"version-history":[{"count":1,"href":"https:\/\/vidaharomas.com.ar\/index.php\/wp-json\/wp\/v2\/product\/3077\/revisions"}],"predecessor-version":[{"id":3157,"href":"https:\/\/vidaharomas.com.ar\/index.php\/wp-json\/wp\/v2\/product\/3077\/revisions\/3157"}],"wp:featuredmedia":[{"embeddable":true,"href":"https:\/\/vidaharomas.com.ar\/index.php\/wp-json\/wp\/v2\/media\/3156"}],"wp:attachment":[{"href":"https:\/\/vidaharomas.com.ar\/index.php\/wp-json\/wp\/v2\/media?parent=3077"}],"wp:term":[{"taxonomy":"product_brand","embeddable":true,"href":"https:\/\/vidaharomas.com.ar\/index.php\/wp-json\/wp\/v2\/product_brand?post=3077"},{"taxonomy":"product_cat","embeddable":true,"href":"https:\/\/vidaharomas.com.ar\/index.php\/wp-json\/wp\/v2\/product_cat?post=3077"},{"taxonomy":"product_tag","embeddable":true,"href":"https:\/\/vidaharomas.com.ar\/index.php\/wp-json\/wp\/v2\/product_tag?post=3077"}],"curies":[{"name":"wp","href":"https:\/\/api.w.org\/{rel}","templated":true}]}}