{"id":3075,"date":"2022-02-17T11:51:31","date_gmt":"2022-02-17T14:51:31","guid":{"rendered":"https:\/\/vidaharomas.com.ar\/?post_type=product&#038;p=3075"},"modified":"2025-10-01T09:55:36","modified_gmt":"2025-10-01T12:55:36","slug":"aceite-esencial-naranja-pimienta","status":"publish","type":"product","link":"https:\/\/vidaharomas.com.ar\/index.php\/producto\/aceite-esencial-naranja-pimienta\/","title":{"rendered":"Aceite Esencial Naranja Pimienta"},"content":{"rendered":"","protected":false},"excerpt":{"rendered":"<p>Fragancia c\u00edtrica especiada con aroma intenso, ex\u00f3tico y equilibrado. Con acordes especiados que lo convierten en \u00fanico en su estilo.<\/p>\n","protected":false},"featured_media":3152,"template":"","meta":[],"product_brand":[],"product_cat":[95,200],"product_tag":[],"class_list":{"0":"post-3075","1":"product","2":"type-product","3":"status-publish","4":"has-post-thumbnail","6":"product_cat-saphirus","7":"product_cat-aceites","9":"first","10":"instock","11":"purchasable","12":"product-type-simple"},"_links":{"self":[{"href":"https:\/\/vidaharomas.com.ar\/index.php\/wp-json\/wp\/v2\/product\/3075","targetHints":{"allow":["GET"]}}],"collection":[{"href":"https:\/\/vidaharomas.com.ar\/index.php\/wp-json\/wp\/v2\/product"}],"about":[{"href":"https:\/\/vidaharomas.com.ar\/index.php\/wp-json\/wp\/v2\/types\/product"}],"version-history":[{"count":1,"href":"https:\/\/vidaharomas.com.ar\/index.php\/wp-json\/wp\/v2\/product\/3075\/revisions"}],"predecessor-version":[{"id":3153,"href":"https:\/\/vidaharomas.com.ar\/index.php\/wp-json\/wp\/v2\/product\/3075\/revisions\/3153"}],"wp:featuredmedia":[{"embeddable":true,"href":"https:\/\/vidaharomas.com.ar\/index.php\/wp-json\/wp\/v2\/media\/3152"}],"wp:attachment":[{"href":"https:\/\/vidaharomas.com.ar\/index.php\/wp-json\/wp\/v2\/media?parent=3075"}],"wp:term":[{"taxonomy":"product_brand","embeddable":true,"href":"https:\/\/vidaharomas.com.ar\/index.php\/wp-json\/wp\/v2\/product_brand?post=3075"},{"taxonomy":"product_cat","embeddable":true,"href":"https:\/\/vidaharomas.com.ar\/index.php\/wp-json\/wp\/v2\/product_cat?post=3075"},{"taxonomy":"product_tag","embeddable":true,"href":"https:\/\/vidaharomas.com.ar\/index.php\/wp-json\/wp\/v2\/product_tag?post=3075"}],"curies":[{"name":"wp","href":"https:\/\/api.w.org\/{rel}","templated":true}]}}