{"id":3069,"date":"2022-02-17T11:51:31","date_gmt":"2022-02-17T14:51:31","guid":{"rendered":"https:\/\/vidaharomas.com.ar\/?post_type=product&#038;p=3069"},"modified":"2025-10-01T09:55:36","modified_gmt":"2025-10-01T12:55:36","slug":"aceite-esencial-orange","status":"publish","type":"product","link":"https:\/\/vidaharomas.com.ar\/index.php\/producto\/aceite-esencial-orange\/","title":{"rendered":"Aceite Esencial Orange"},"content":{"rendered":"","protected":false},"excerpt":{"rendered":"<p>Un c\u00f3ctel de notas c\u00edtricas, dominado por la naranja dulce y chispeantes notas aldeh\u00eddicas refuerza y redondea su aroma.<\/p>\n","protected":false},"featured_media":3129,"template":"","meta":[],"product_brand":[],"product_cat":[95,200],"product_tag":[],"class_list":{"0":"post-3069","1":"product","2":"type-product","3":"status-publish","4":"has-post-thumbnail","6":"product_cat-saphirus","7":"product_cat-aceites","9":"first","10":"instock","11":"purchasable","12":"product-type-simple"},"_links":{"self":[{"href":"https:\/\/vidaharomas.com.ar\/index.php\/wp-json\/wp\/v2\/product\/3069","targetHints":{"allow":["GET"]}}],"collection":[{"href":"https:\/\/vidaharomas.com.ar\/index.php\/wp-json\/wp\/v2\/product"}],"about":[{"href":"https:\/\/vidaharomas.com.ar\/index.php\/wp-json\/wp\/v2\/types\/product"}],"version-history":[{"count":1,"href":"https:\/\/vidaharomas.com.ar\/index.php\/wp-json\/wp\/v2\/product\/3069\/revisions"}],"predecessor-version":[{"id":3130,"href":"https:\/\/vidaharomas.com.ar\/index.php\/wp-json\/wp\/v2\/product\/3069\/revisions\/3130"}],"wp:featuredmedia":[{"embeddable":true,"href":"https:\/\/vidaharomas.com.ar\/index.php\/wp-json\/wp\/v2\/media\/3129"}],"wp:attachment":[{"href":"https:\/\/vidaharomas.com.ar\/index.php\/wp-json\/wp\/v2\/media?parent=3069"}],"wp:term":[{"taxonomy":"product_brand","embeddable":true,"href":"https:\/\/vidaharomas.com.ar\/index.php\/wp-json\/wp\/v2\/product_brand?post=3069"},{"taxonomy":"product_cat","embeddable":true,"href":"https:\/\/vidaharomas.com.ar\/index.php\/wp-json\/wp\/v2\/product_cat?post=3069"},{"taxonomy":"product_tag","embeddable":true,"href":"https:\/\/vidaharomas.com.ar\/index.php\/wp-json\/wp\/v2\/product_tag?post=3069"}],"curies":[{"name":"wp","href":"https:\/\/api.w.org\/{rel}","templated":true}]}}