{"id":3033,"date":"2022-02-17T11:51:07","date_gmt":"2022-02-17T14:51:07","guid":{"rendered":"https:\/\/vidaharomas.com.ar\/?post_type=product&#038;p=3033"},"modified":"2025-10-01T09:55:37","modified_gmt":"2025-10-01T12:55:37","slug":"difusor-paula","status":"publish","type":"product","link":"https:\/\/vidaharomas.com.ar\/index.php\/producto\/difusor-paula\/","title":{"rendered":"Difusor Paula"},"content":{"rendered":"","protected":false},"excerpt":{"rendered":"<p>Fusi\u00f3n de notas c\u00edtricas de bergamota y lim\u00f3n sobre un coraz\u00f3n amable donde se dan cita la rosa y las orqu\u00eddeas con un fondo ambarado.<\/p>\n","protected":false},"featured_media":3092,"template":"","meta":[],"product_brand":[],"product_cat":[95,191],"product_tag":[],"class_list":{"0":"post-3033","1":"product","2":"type-product","3":"status-publish","4":"has-post-thumbnail","6":"product_cat-saphirus","7":"product_cat-difusores","9":"first","10":"instock","11":"purchasable","12":"product-type-simple"},"_links":{"self":[{"href":"https:\/\/vidaharomas.com.ar\/index.php\/wp-json\/wp\/v2\/product\/3033","targetHints":{"allow":["GET"]}}],"collection":[{"href":"https:\/\/vidaharomas.com.ar\/index.php\/wp-json\/wp\/v2\/product"}],"about":[{"href":"https:\/\/vidaharomas.com.ar\/index.php\/wp-json\/wp\/v2\/types\/product"}],"version-history":[{"count":1,"href":"https:\/\/vidaharomas.com.ar\/index.php\/wp-json\/wp\/v2\/product\/3033\/revisions"}],"predecessor-version":[{"id":3093,"href":"https:\/\/vidaharomas.com.ar\/index.php\/wp-json\/wp\/v2\/product\/3033\/revisions\/3093"}],"wp:featuredmedia":[{"embeddable":true,"href":"https:\/\/vidaharomas.com.ar\/index.php\/wp-json\/wp\/v2\/media\/3092"}],"wp:attachment":[{"href":"https:\/\/vidaharomas.com.ar\/index.php\/wp-json\/wp\/v2\/media?parent=3033"}],"wp:term":[{"taxonomy":"product_brand","embeddable":true,"href":"https:\/\/vidaharomas.com.ar\/index.php\/wp-json\/wp\/v2\/product_brand?post=3033"},{"taxonomy":"product_cat","embeddable":true,"href":"https:\/\/vidaharomas.com.ar\/index.php\/wp-json\/wp\/v2\/product_cat?post=3033"},{"taxonomy":"product_tag","embeddable":true,"href":"https:\/\/vidaharomas.com.ar\/index.php\/wp-json\/wp\/v2\/product_tag?post=3033"}],"curies":[{"name":"wp","href":"https:\/\/api.w.org\/{rel}","templated":true}]}}