{"id":2775,"date":"2022-02-17T11:48:27","date_gmt":"2022-02-17T14:48:27","guid":{"rendered":"https:\/\/vidaharomas.com.ar\/?post_type=product&#038;p=2775"},"modified":"2025-10-01T09:55:47","modified_gmt":"2025-10-01T12:55:47","slug":"textil-bebe","status":"publish","type":"product","link":"https:\/\/vidaharomas.com.ar\/index.php\/producto\/textil-bebe\/","title":{"rendered":"Textil Beb\u00e9"},"content":{"rendered":"","protected":false},"excerpt":{"rendered":"<p>Tierna fragancia c\u00edtrica floral. La nota de salida est\u00e1 caracterizada por la combinaci\u00f3n del azahar dulce, c\u00e1scara de lim\u00f3n y bergamota.<\/p>\n","protected":false},"featured_media":2841,"template":"","meta":[],"product_brand":[],"product_cat":[95,163],"product_tag":[],"class_list":{"0":"post-2775","1":"product","2":"type-product","3":"status-publish","4":"has-post-thumbnail","6":"product_cat-saphirus","7":"product_cat-textiles","9":"first","10":"instock","11":"purchasable","12":"product-type-simple"},"_links":{"self":[{"href":"https:\/\/vidaharomas.com.ar\/index.php\/wp-json\/wp\/v2\/product\/2775","targetHints":{"allow":["GET"]}}],"collection":[{"href":"https:\/\/vidaharomas.com.ar\/index.php\/wp-json\/wp\/v2\/product"}],"about":[{"href":"https:\/\/vidaharomas.com.ar\/index.php\/wp-json\/wp\/v2\/types\/product"}],"version-history":[{"count":1,"href":"https:\/\/vidaharomas.com.ar\/index.php\/wp-json\/wp\/v2\/product\/2775\/revisions"}],"predecessor-version":[{"id":2842,"href":"https:\/\/vidaharomas.com.ar\/index.php\/wp-json\/wp\/v2\/product\/2775\/revisions\/2842"}],"wp:featuredmedia":[{"embeddable":true,"href":"https:\/\/vidaharomas.com.ar\/index.php\/wp-json\/wp\/v2\/media\/2841"}],"wp:attachment":[{"href":"https:\/\/vidaharomas.com.ar\/index.php\/wp-json\/wp\/v2\/media?parent=2775"}],"wp:term":[{"taxonomy":"product_brand","embeddable":true,"href":"https:\/\/vidaharomas.com.ar\/index.php\/wp-json\/wp\/v2\/product_brand?post=2775"},{"taxonomy":"product_cat","embeddable":true,"href":"https:\/\/vidaharomas.com.ar\/index.php\/wp-json\/wp\/v2\/product_cat?post=2775"},{"taxonomy":"product_tag","embeddable":true,"href":"https:\/\/vidaharomas.com.ar\/index.php\/wp-json\/wp\/v2\/product_tag?post=2775"}],"curies":[{"name":"wp","href":"https:\/\/api.w.org\/{rel}","templated":true}]}}