{"id":2703,"date":"2022-02-17T11:47:41","date_gmt":"2022-02-17T14:47:41","guid":{"rendered":"https:\/\/vidaharomas.com.ar\/?post_type=product&#038;p=2703"},"modified":"2025-10-01T09:55:52","modified_gmt":"2025-10-01T12:55:52","slug":"textil-citrus","status":"publish","type":"product","link":"https:\/\/vidaharomas.com.ar\/index.php\/producto\/textil-citrus\/","title":{"rendered":"Textil Citrus"},"content":{"rendered":"","protected":false},"excerpt":{"rendered":"<p>Explosivo mix c\u00edtrico fresco, con una salida de c\u00e1scara de naranja y lim\u00f3n verde apoyado en un coraz\u00f3n floral a base de jazm\u00edn.<\/p>\n","protected":false},"featured_media":2768,"template":"","meta":[],"product_brand":[],"product_cat":[95,163],"product_tag":[],"class_list":{"0":"post-2703","1":"product","2":"type-product","3":"status-publish","4":"has-post-thumbnail","6":"product_cat-saphirus","7":"product_cat-textiles","9":"first","10":"instock","11":"purchasable","12":"product-type-simple"},"_links":{"self":[{"href":"https:\/\/vidaharomas.com.ar\/index.php\/wp-json\/wp\/v2\/product\/2703","targetHints":{"allow":["GET"]}}],"collection":[{"href":"https:\/\/vidaharomas.com.ar\/index.php\/wp-json\/wp\/v2\/product"}],"about":[{"href":"https:\/\/vidaharomas.com.ar\/index.php\/wp-json\/wp\/v2\/types\/product"}],"version-history":[{"count":1,"href":"https:\/\/vidaharomas.com.ar\/index.php\/wp-json\/wp\/v2\/product\/2703\/revisions"}],"predecessor-version":[{"id":2769,"href":"https:\/\/vidaharomas.com.ar\/index.php\/wp-json\/wp\/v2\/product\/2703\/revisions\/2769"}],"wp:featuredmedia":[{"embeddable":true,"href":"https:\/\/vidaharomas.com.ar\/index.php\/wp-json\/wp\/v2\/media\/2768"}],"wp:attachment":[{"href":"https:\/\/vidaharomas.com.ar\/index.php\/wp-json\/wp\/v2\/media?parent=2703"}],"wp:term":[{"taxonomy":"product_brand","embeddable":true,"href":"https:\/\/vidaharomas.com.ar\/index.php\/wp-json\/wp\/v2\/product_brand?post=2703"},{"taxonomy":"product_cat","embeddable":true,"href":"https:\/\/vidaharomas.com.ar\/index.php\/wp-json\/wp\/v2\/product_cat?post=2703"},{"taxonomy":"product_tag","embeddable":true,"href":"https:\/\/vidaharomas.com.ar\/index.php\/wp-json\/wp\/v2\/product_tag?post=2703"}],"curies":[{"name":"wp","href":"https:\/\/api.w.org\/{rel}","templated":true}]}}