{"id":2670,"date":"2022-02-17T11:47:19","date_gmt":"2022-02-17T14:47:19","guid":{"rendered":"https:\/\/vidaharomas.com.ar\/?post_type=product&#038;p=2670"},"modified":"2025-10-01T09:55:55","modified_gmt":"2025-10-01T12:55:55","slug":"aerosol-paula","status":"publish","type":"product","link":"https:\/\/vidaharomas.com.ar\/index.php\/producto\/aerosol-paula\/","title":{"rendered":"Aerosol Paula"},"content":{"rendered":"","protected":false},"excerpt":{"rendered":"<p>Fusi\u00f3n de notas c\u00edtricas de bergamota y lim\u00f3n sobre un coraz\u00f3n amable donde se dan cita la rosa y las orqu\u00eddeas con un fondo ambarado.<\/p>\n","protected":false},"featured_media":2750,"template":"","meta":[],"product_brand":[],"product_cat":[95,96],"product_tag":[],"class_list":{"0":"post-2670","1":"product","2":"type-product","3":"status-publish","4":"has-post-thumbnail","6":"product_cat-saphirus","7":"product_cat-aerosoles","9":"first","10":"instock","11":"purchasable","12":"product-type-simple"},"_links":{"self":[{"href":"https:\/\/vidaharomas.com.ar\/index.php\/wp-json\/wp\/v2\/product\/2670","targetHints":{"allow":["GET"]}}],"collection":[{"href":"https:\/\/vidaharomas.com.ar\/index.php\/wp-json\/wp\/v2\/product"}],"about":[{"href":"https:\/\/vidaharomas.com.ar\/index.php\/wp-json\/wp\/v2\/types\/product"}],"version-history":[{"count":1,"href":"https:\/\/vidaharomas.com.ar\/index.php\/wp-json\/wp\/v2\/product\/2670\/revisions"}],"predecessor-version":[{"id":2751,"href":"https:\/\/vidaharomas.com.ar\/index.php\/wp-json\/wp\/v2\/product\/2670\/revisions\/2751"}],"wp:featuredmedia":[{"embeddable":true,"href":"https:\/\/vidaharomas.com.ar\/index.php\/wp-json\/wp\/v2\/media\/2750"}],"wp:attachment":[{"href":"https:\/\/vidaharomas.com.ar\/index.php\/wp-json\/wp\/v2\/media?parent=2670"}],"wp:term":[{"taxonomy":"product_brand","embeddable":true,"href":"https:\/\/vidaharomas.com.ar\/index.php\/wp-json\/wp\/v2\/product_brand?post=2670"},{"taxonomy":"product_cat","embeddable":true,"href":"https:\/\/vidaharomas.com.ar\/index.php\/wp-json\/wp\/v2\/product_cat?post=2670"},{"taxonomy":"product_tag","embeddable":true,"href":"https:\/\/vidaharomas.com.ar\/index.php\/wp-json\/wp\/v2\/product_tag?post=2670"}],"curies":[{"name":"wp","href":"https:\/\/api.w.org\/{rel}","templated":true}]}}